{"id":644,"date":"2024-10-01T08:40:26","date_gmt":"2024-10-01T08:40:26","guid":{"rendered":"https:\/\/sites.nitm.ac.in\/icisml2025\/?page_id=644"},"modified":"2024-10-03T07:00:31","modified_gmt":"2024-10-03T07:00:31","slug":"committee-2","status":"publish","type":"page","link":"https:\/\/sites.nitm.ac.in\/icisml2025\/committee-2\/","title":{"rendered":"Committee"},"content":{"rendered":"\t\t<div data-elementor-type=\"wp-page\" data-elementor-id=\"644\" class=\"elementor elementor-644\" data-elementor-post-type=\"page\">\n\t\t\t\t\t\t\t<div class=\"has_eae_slider elementor-element elementor-element-4922952d e-con-full e-flex e-con\" data-id=\"4922952d\" data-element_type=\"container\" data-settings=\"{&quot;content_width&quot;:&quot;full&quot;}\">\n\t\t<div class=\"has_eae_slider elementor-element elementor-element-20a854c8 e-flex e-con-boxed e-con\" data-id=\"20a854c8\" data-element_type=\"container\" data-settings=\"{&quot;content_width&quot;:&quot;boxed&quot;}\">\n\t\t\t\t\t<div class=\"e-con-inner\">\n\t\t\t\t<div class=\"elementor-element elementor-element-1a137bfd elementor-widget elementor-widget-heading\" data-id=\"1a137bfd\" data-element_type=\"widget\" data-widget_type=\"heading.default\">\n\t\t\t\t<div class=\"elementor-widget-container\">\n\t\t\t<style>\/*! elementor - v3.15.0 - 20-08-2023 *\/\n.elementor-heading-title{padding:0;margin:0;line-height:1}.elementor-widget-heading .elementor-heading-title[class*=elementor-size-]>a{color:inherit;font-size:inherit;line-height:inherit}.elementor-widget-heading .elementor-heading-title.elementor-size-small{font-size:15px}.elementor-widget-heading .elementor-heading-title.elementor-size-medium{font-size:19px}.elementor-widget-heading .elementor-heading-title.elementor-size-large{font-size:29px}.elementor-widget-heading .elementor-heading-title.elementor-size-xl{font-size:39px}.elementor-widget-heading .elementor-heading-title.elementor-size-xxl{font-size:59px}<\/style><h3 class=\"elementor-heading-title elementor-size-default\">Patron<\/h3>\t\t<\/div>\n\t\t\t\t<\/div>\n\t\t\t\t<div class=\"elementor-element elementor-element-3c4963b4 elementor-widget__width-inherit elementor-widget elementor-widget-text-editor\" data-id=\"3c4963b4\" data-element_type=\"widget\" data-widget_type=\"text-editor.default\">\n\t\t\t\t<div class=\"elementor-widget-container\">\n\t\t\t<style>\/*! elementor - v3.15.0 - 20-08-2023 *\/\n.elementor-widget-text-editor.elementor-drop-cap-view-stacked .elementor-drop-cap{background-color:#69727d;color:#fff}.elementor-widget-text-editor.elementor-drop-cap-view-framed .elementor-drop-cap{color:#69727d;border:3px solid;background-color:transparent}.elementor-widget-text-editor:not(.elementor-drop-cap-view-default) .elementor-drop-cap{margin-top:8px}.elementor-widget-text-editor:not(.elementor-drop-cap-view-default) .elementor-drop-cap-letter{width:1em;height:1em}.elementor-widget-text-editor .elementor-drop-cap{float:left;text-align:center;line-height:1;font-size:50px}.elementor-widget-text-editor .elementor-drop-cap-letter{display:inline-block}<\/style>\t\t\t\t<p>Prof. Pinakeswar Mahanta, Director, NIT Meghalaya, India<\/p>\t\t\t\t\t\t<\/div>\n\t\t\t\t<\/div>\n\t\t\t\t\t<\/div>\n\t\t\t\t<\/div>\n\t\t\t\t<\/div>\n\t\t<div class=\"has_eae_slider elementor-element elementor-element-58ce7813 e-con-full e-flex e-con\" data-id=\"58ce7813\" data-element_type=\"container\" data-settings=\"{&quot;content_width&quot;:&quot;full&quot;}\">\n\t\t\t\t<div class=\"elementor-element elementor-element-7d56a946 elementor-widget__width-inherit elementor-widget elementor-widget-heading\" data-id=\"7d56a946\" data-element_type=\"widget\" data-widget_type=\"heading.default\">\n\t\t\t\t<div class=\"elementor-widget-container\">\n\t\t\t<h3 class=\"elementor-heading-title elementor-size-default\">Internal Advisory Board<\/h3>\t\t<\/div>\n\t\t\t\t<\/div>\n\t\t\t\t<div class=\"elementor-element elementor-element-6cbac8a1 elementor-widget__width-inherit elementor-widget elementor-widget-text-editor\" data-id=\"6cbac8a1\" data-element_type=\"widget\" data-widget_type=\"text-editor.default\">\n\t\t\t\t<div class=\"elementor-widget-container\">\n\t\t\t\t\t\t\t<p>Prof. Diptendu Sinha Roy, Dean (R&amp;C), NIT Meghalaya, India<\/p><p>Prof. Anup Dandapat, Dean (AA), NIT Meghalaya, India<\/p><p>Prof. Deba Kumar Sarma, Dean (P&amp;D), NIT Meghalaya, India<\/p><p>Prof. Saikat Mukherjee, Dean (FW), NIT Meghalaya, India<\/p><p>Prof. Paonam Sudeep Mangang, Dean (SW), NIT Meghalaya, India<\/p><p>Prof. Harish Chandra Das, Dean (PRBR), NIT Meghalaya, India<\/p><p>Dr. Pradeep Kumar Rathore, ECE, NIT Meghalaya, India<\/p><p>Dr. Shaik Affijulla, EE, NIT Meghalaya, India<\/p><p>Dr. Pradeep Kumar Gautam, CE, NIT Meghalaya, India<\/p><p>Dr. Koushik Das, ME, NIT Meghalaya, India<\/p><p>Dr. Adarsha Kumar Jena, MATH, NIT Meghalaya, India<\/p><p>Dr. Tribedi Bora, PHY, NIT Meghalaya, India<\/p><p>Dr. Gitish Kishor Dutta, CHEM, NIT Meghalaya, India<\/p>\t\t\t\t\t\t<\/div>\n\t\t\t\t<\/div>\n\t\t\t\t<\/div>\n\t\t<div class=\"has_eae_slider elementor-element elementor-element-41a6016c e-con-full e-flex e-con\" data-id=\"41a6016c\" data-element_type=\"container\" data-settings=\"{&quot;content_width&quot;:&quot;full&quot;}\">\n\t\t\t\t<div class=\"elementor-element elementor-element-9f0a160 elementor-widget__width-inherit elementor-widget elementor-widget-heading\" data-id=\"9f0a160\" data-element_type=\"widget\" data-widget_type=\"heading.default\">\n\t\t\t\t<div class=\"elementor-widget-container\">\n\t\t\t<h3 class=\"elementor-heading-title elementor-size-default\">General Chair<\/h3>\t\t<\/div>\n\t\t\t\t<\/div>\n\t\t\t\t<div class=\"elementor-element elementor-element-3489c3eb elementor-widget__width-inherit elementor-widget elementor-widget-text-editor\" data-id=\"3489c3eb\" data-element_type=\"widget\" data-widget_type=\"text-editor.default\">\n\t\t\t\t<div class=\"elementor-widget-container\">\n\t\t\t\t\t\t\t<p>Dr. Ngangbam Herojit Singh, CSE, NIT Meghalaya, India<\/p><p>Dr. Sachi Nandan Mohanty, VIT-AP University, Amaravati, Andhra Pradesh, India<\/p>\t\t\t\t\t\t<\/div>\n\t\t\t\t<\/div>\n\t\t\t\t<\/div>\n\t\t<div class=\"has_eae_slider elementor-element elementor-element-4b7b8df7 e-con-full e-flex e-con\" data-id=\"4b7b8df7\" data-element_type=\"container\" data-settings=\"{&quot;content_width&quot;:&quot;full&quot;}\">\n\t\t\t\t<div class=\"elementor-element elementor-element-66f79502 elementor-widget__width-inherit elementor-widget elementor-widget-heading\" data-id=\"66f79502\" data-element_type=\"widget\" data-widget_type=\"heading.default\">\n\t\t\t\t<div class=\"elementor-widget-container\">\n\t\t\t<h3 class=\"elementor-heading-title elementor-size-default\">Program Chair<\/h3>\t\t<\/div>\n\t\t\t\t<\/div>\n\t\t\t\t<div class=\"elementor-element elementor-element-3071ddc4 elementor-widget__width-inherit elementor-widget elementor-widget-text-editor\" data-id=\"3071ddc4\" data-element_type=\"widget\" data-widget_type=\"text-editor.default\">\n\t\t\t\t<div class=\"elementor-widget-container\">\n\t\t\t\t\t\t\t<p>Dr. Bunil Kumar Balabantaray, CSE, NIT Meghalaya, India<\/p><p>Dr. Ningthoujam Johny Singh, CSE, NIT Meghalaya, India<\/p><p>Dr. Soumen Moulik, CSE, NIT Meghalaya, India<\/p>\t\t\t\t\t\t<\/div>\n\t\t\t\t<\/div>\n\t\t\t\t<\/div>\n\t\t<div class=\"has_eae_slider elementor-element elementor-element-feec455 e-con-full e-flex e-con\" data-id=\"feec455\" data-element_type=\"container\" data-settings=\"{&quot;content_width&quot;:&quot;full&quot;}\">\n\t\t\t\t<div class=\"elementor-element elementor-element-14f02553 elementor-widget__width-inherit elementor-widget elementor-widget-heading\" data-id=\"14f02553\" data-element_type=\"widget\" data-widget_type=\"heading.default\">\n\t\t\t\t<div class=\"elementor-widget-container\">\n\t\t\t<h3 class=\"elementor-heading-title elementor-size-default\">General Co-Chairs<\/h3>\t\t<\/div>\n\t\t\t\t<\/div>\n\t\t\t\t<div class=\"elementor-element elementor-element-65ca1c2b elementor-widget__width-inherit elementor-widget elementor-widget-text-editor\" data-id=\"65ca1c2b\" data-element_type=\"widget\" data-widget_type=\"text-editor.default\">\n\t\t\t\t<div class=\"elementor-widget-container\">\n\t\t\t\t\t\t\t<p>Dr. Deepak Kumar, CSE, NIT Meghalaya, India<\/p><p>Dr. Surmila Thokchom, CSE, NIT Meghalaya, India<\/p><p>Prof. (Dr.) Tanupriya Choudhury, University of Petroleum and Energy Studies (UPES) Dehradun, India<\/p><p>Prof. Diptendu Sinha Roy, NIT Meghalaya, India<\/p>\t\t\t\t\t\t<\/div>\n\t\t\t\t<\/div>\n\t\t\t\t<\/div>\n\t\t<div class=\"has_eae_slider elementor-element elementor-element-3e58fdac e-con-full e-flex e-con\" data-id=\"3e58fdac\" data-element_type=\"container\" data-settings=\"{&quot;content_width&quot;:&quot;full&quot;}\">\n\t\t\t\t<div class=\"elementor-element elementor-element-3ad22a66 elementor-widget__width-inherit elementor-widget elementor-widget-heading\" data-id=\"3ad22a66\" data-element_type=\"widget\" data-widget_type=\"heading.default\">\n\t\t\t\t<div class=\"elementor-widget-container\">\n\t\t\t<h3 class=\"elementor-heading-title elementor-size-default\">Technical program committee<\/h3>\t\t<\/div>\n\t\t\t\t<\/div>\n\t\t\t\t<div class=\"elementor-element elementor-element-6e5f61cb elementor-widget__width-inherit elementor-widget elementor-widget-text-editor\" data-id=\"6e5f61cb\" data-element_type=\"widget\" data-widget_type=\"text-editor.default\">\n\t\t\t\t<div class=\"elementor-widget-container\">\n\t\t\t\t\t\t\t<p>Ming Yang, Kennesaw State University, Atlanta, USA<\/p><p>Bhupesh Kumar Dewangan, OP Jindal University, Raigarh, India<\/p><p>Sanjay Misra, Covenant University, Ota, Nigeria<\/p><p>Milos Stojmenovic, Singidunum University, Serbia<\/p><p>Georgios Tsaramirsis, Higher Colleges of Technology, Abu Dhabi<\/p><p>Sven Groppe, University of L\u00fcbeck, Germany<\/p><p>Mohammad Yamin, Abdulaziz University, Jeddah, Saudi Arabia<\/p><p>Mukesh Misra, Massey University, New Zealand<\/p><p>Neha Mohanty, Department of Computer Science &amp; Engineering, New Jersey Institute of Technology, USA<\/p><p>Jinghua Groppe, University of L\u00fcbeck, Germany<\/p><p>Abdulrhman Alshareef, King Abdulaziz University<\/p><p>Gourav Gupta, Massey University, Palmerston North, New Zealand<\/p><p>Lal Hussain, University of Jazad Ammu and Kashmir, Pakistan<\/p><p>Maria Avil\u00e9s, Gijon Hospital, Asturias, Spain<\/p><p>Izzat Al-Darraji, University of Baghdad, Baghdad<\/p><p>Lie Li, Kennesaw State University, Atlanta, USA<\/p><p>Abdulsattar Abdullah Hamad, University of Samarra, Iraq<\/p><p>Vicente Garcia Diaz, University Oviedo, Spain<\/p><p>Oscar Castillo, Tijuana Institute Technology, Mexico<\/p><p>J P Das, University of Alberta, Canada<\/p><p>Rajkumar Singh Rathore, Cardiff met University, London, UK<\/p><p>Osamah Ibrahim Khalaf, Department of Solar, Al-Nahrain Research Center for Renewable Energy, Al<br \/>-Nahrain University, Jadriya, Baghdad, Iraq.<\/p><p>Osamah Ibrahim Khalaf, Department of Solar.<\/p><p>Ghaida Muttashar Abdulsahib, University of Technology, Baghdad, Iraq.<\/p><p>Sameer Algburi Al-Kitab University, Iraq.<\/p><p>Habib Hamam Faculty of Engineering, Uni de Moncton, Canada<\/p>\t\t\t\t\t\t<\/div>\n\t\t\t\t<\/div>\n\t\t\t\t<\/div>\n\t\t<div class=\"has_eae_slider elementor-element elementor-element-6c12a549 e-con-full e-flex e-con\" data-id=\"6c12a549\" data-element_type=\"container\" data-settings=\"{&quot;content_width&quot;:&quot;full&quot;}\">\n\t\t\t\t<div class=\"elementor-element elementor-element-15d82e44 elementor-widget__width-inherit elementor-widget elementor-widget-heading\" data-id=\"15d82e44\" data-element_type=\"widget\" data-widget_type=\"heading.default\">\n\t\t\t\t<div class=\"elementor-widget-container\">\n\t\t\t<h3 class=\"elementor-heading-title elementor-size-default\">Web Chair<\/h3>\t\t<\/div>\n\t\t\t\t<\/div>\n\t\t\t\t<div class=\"elementor-element elementor-element-438e09f7 elementor-widget__width-inherit elementor-widget elementor-widget-text-editor\" data-id=\"438e09f7\" data-element_type=\"widget\" data-widget_type=\"text-editor.default\">\n\t\t\t\t<div class=\"elementor-widget-container\">\n\t\t\t\t\t\t\t<p>Dr. Akhilendra Pratap Singh, CSE, NIT Meghalaya, India<\/p>\t\t\t\t\t\t<\/div>\n\t\t\t\t<\/div>\n\t\t\t\t<\/div>\n\t\t<div class=\"has_eae_slider elementor-element elementor-element-5e194e17 e-con-full e-flex e-con\" data-id=\"5e194e17\" data-element_type=\"container\" data-settings=\"{&quot;content_width&quot;:&quot;full&quot;}\">\n\t\t\t\t<div class=\"elementor-element elementor-element-7f4b8ed7 elementor-widget__width-inherit elementor-widget elementor-widget-heading\" data-id=\"7f4b8ed7\" data-element_type=\"widget\" data-widget_type=\"heading.default\">\n\t\t\t\t<div class=\"elementor-widget-container\">\n\t\t\t<h3 class=\"elementor-heading-title elementor-size-default\">Publicity And Social Media Chair<\/h3>\t\t<\/div>\n\t\t\t\t<\/div>\n\t\t\t\t<div class=\"elementor-element elementor-element-63eaf0cf elementor-widget__width-inherit elementor-widget elementor-widget-text-editor\" data-id=\"63eaf0cf\" data-element_type=\"widget\" data-widget_type=\"text-editor.default\">\n\t\t\t\t<div class=\"elementor-widget-container\">\n\t\t\t\t\t\t\t<p>Sudan Jha, Kathmandu University, Nepal<\/p><p>Nonita Sharma, IGDTUW, New Delhi, India<\/p><p>Shweta Sankhwar, Maitreyi College, University of Delhi, India<\/p><p>Bhrugumalla LVS Aditya, VIT-AP University, AP, India<\/p><p>Princy Randhawa, Manipal University, Jaipur, India<\/p><p>Suvendu Kumar Pani, KEC, Bhuabneswar, Odisha, India<\/p><p>Yagnesh Challagundla University of Florida, USA<\/p><p>A.Pramod Kumar, CMR Engineering College, Hyderabad, India<\/p>\t\t\t\t\t\t<\/div>\n\t\t\t\t<\/div>\n\t\t\t\t<\/div>\n\t\t<div class=\"has_eae_slider elementor-element elementor-element-5b9363b4 e-con-full e-flex e-con\" data-id=\"5b9363b4\" data-element_type=\"container\" data-settings=\"{&quot;content_width&quot;:&quot;full&quot;}\">\n\t\t\t\t<div class=\"elementor-element elementor-element-5b15037e elementor-widget__width-inherit elementor-widget elementor-widget-heading\" data-id=\"5b15037e\" data-element_type=\"widget\" data-widget_type=\"heading.default\">\n\t\t\t\t<div class=\"elementor-widget-container\">\n\t\t\t<h3 class=\"elementor-heading-title elementor-size-default\">Workshop Chair<\/h3>\t\t<\/div>\n\t\t\t\t<\/div>\n\t\t\t\t<div class=\"elementor-element elementor-element-1914690a elementor-widget__width-inherit elementor-widget elementor-widget-text-editor\" data-id=\"1914690a\" data-element_type=\"widget\" data-widget_type=\"text-editor.default\">\n\t\t\t\t<div class=\"elementor-widget-container\">\n\t\t\t\t\t\t\t<p>Shreyas Rajendra Hole, Dayananda Sagar University, Bengaluru, India<\/p><p>Princy Randhawa ,Manipal University, Jaipur, India<\/p><p>Puranam Revanth Kumar, Malla Reddy University, Hyderabad, India<\/p><p>Nidhi Agarwal, Galgotias University, Greater Noida<\/p><p>Sirisha Potluri, Koneru Lakshmaiah Education Foundation, Telangana, India.<\/p><p>Satyasundara Mahapatra Pranveer Singh Institute of Technology, Kanpur, India<\/p>\t\t\t\t\t\t<\/div>\n\t\t\t\t<\/div>\n\t\t\t\t<\/div>\n\t\t<div class=\"has_eae_slider elementor-element elementor-element-49618cc8 e-con-full e-flex e-con\" data-id=\"49618cc8\" data-element_type=\"container\" data-settings=\"{&quot;content_width&quot;:&quot;full&quot;}\">\n\t\t\t\t<div class=\"elementor-element elementor-element-6a923023 elementor-widget__width-inherit elementor-widget elementor-widget-heading\" data-id=\"6a923023\" data-element_type=\"widget\" data-widget_type=\"heading.default\">\n\t\t\t\t<div class=\"elementor-widget-container\">\n\t\t\t<h3 class=\"elementor-heading-title elementor-size-default\">Finance Chair<\/h3>\t\t<\/div>\n\t\t\t\t<\/div>\n\t\t\t\t<div class=\"elementor-element elementor-element-6755e6b8 elementor-widget__width-inherit elementor-widget elementor-widget-text-editor\" data-id=\"6755e6b8\" data-element_type=\"widget\" data-widget_type=\"text-editor.default\">\n\t\t\t\t<div class=\"elementor-widget-container\">\n\t\t\t\t\t\t\t<p>Diangarti Bhalang Tariang, CSE, NIT Meghalaya, India<\/p><p>Monika Mangla, Dwaradas J Sanghvi College of Engineering Mumbai, India<\/p>\t\t\t\t\t\t<\/div>\n\t\t\t\t<\/div>\n\t\t\t\t<\/div>\n\t\t<div class=\"has_eae_slider elementor-element elementor-element-3b769578 e-con-full e-flex e-con\" data-id=\"3b769578\" data-element_type=\"container\" data-settings=\"{&quot;content_width&quot;:&quot;full&quot;}\">\n\t\t\t\t<div class=\"elementor-element elementor-element-6965c093 elementor-widget__width-inherit elementor-widget elementor-widget-heading\" data-id=\"6965c093\" data-element_type=\"widget\" data-widget_type=\"heading.default\">\n\t\t\t\t<div class=\"elementor-widget-container\">\n\t\t\t<h3 class=\"elementor-heading-title elementor-size-default\">Advisory Committee<\/h3>\t\t<\/div>\n\t\t\t\t<\/div>\n\t\t\t\t<div class=\"elementor-element elementor-element-4bf248cf elementor-widget__width-inherit elementor-widget elementor-widget-text-editor\" data-id=\"4bf248cf\" data-element_type=\"widget\" data-widget_type=\"text-editor.default\">\n\t\t\t\t<div class=\"elementor-widget-container\">\n\t\t\t\t\t\t\t<p>Vicente Garcia Diaz, University of Oviedo, Spain<\/p><p>Sanjay Misra, Covenant University, Nigeria<\/p><p>Jorge Garc\u00eda Guti\u00e9rrez, University of Seville, Spain Jes\u00fas Moreno-Le\u00f3n, University of Seville, Spain<\/p><p>Milos Stojmenovic, Singidunum University, Serbia<\/p><p>Georgios Tsaramirsis, Higher Colleges of Technology Womens Campus, Abu Dhabi, UAE<\/p><p>Sven Groppe, University of L\u00fcbeckInstitute of Information, Germany<\/p><p>Mohammad Yamin, King Abdulaziz University, Saudi Arabia<\/p><p>Mukesh Misra, Application, Massey University, New Zealand<\/p><p>Neha Mohanty, Institute of Technology, New Jersey, USA<\/p><p>Aleksandar Jevremovic, University of L\u00fcbeckInstitute of Information, Germany<\/p><p>Jinghua Groppe, University of L\u00fcbeckInstitute of Information, Germany<\/p><p>Abdulrhman M. Alshareef, King Abdulaziz University, Jeddah, Saudi Arabia<\/p><p>Gourav Sen Gupta, Massey University, Palmerston North, New Zealand<\/p><p>K. Ramesh, California State University, Northridge California<\/p><p>Lal Hussain, University of Azad, King Abdullah Campus, Pakistan<\/p><p>Mar\u00eda Jos\u00e9 Navarro Avil\u00e9s, Gijon Hospital, Asturias Spain<\/p><p>Ishani Priya Darshini, Berkeley School of Information, Berkeley, USA<\/p><p>Santunu Choudhury, IIT jodhpur, Rajastan, India<\/p><p>Durga Prasad Mohapatro, NIT Rourkela, Odisha, India<\/p><p>Kuntal Ghosh, ISI Kolkota, India<\/p><p>Debasis Samanta, IIT Kharagpur, WB, India<\/p><p>Olfat M. Mirza, Umm Al-Qura University, Makkah, Saudi Arabia<\/p><p>Aisha Alsobhi, King Abdulaziz University, Jeddah, Saudi Arabia<\/p><p>Tawfiq Hasanin, King Abdulaziz University, Jeddah, Saudi Arabia<\/p><p>Alaa O. Khadidos, King Abdulaziz University, Jeddah, Saudi Arabia<\/p>\t\t\t\t\t\t<\/div>\n\t\t\t\t<\/div>\n\t\t\t\t<\/div>\n\t\t<div class=\"has_eae_slider elementor-element elementor-element-2184bb7b e-con-full e-flex e-con\" data-id=\"2184bb7b\" data-element_type=\"container\" data-settings=\"{&quot;content_width&quot;:&quot;full&quot;}\">\n\t\t\t\t<div class=\"elementor-element elementor-element-52eb9546 elementor-widget__width-inherit elementor-widget elementor-widget-heading\" data-id=\"52eb9546\" data-element_type=\"widget\" data-widget_type=\"heading.default\">\n\t\t\t\t<div class=\"elementor-widget-container\">\n\t\t\t<h3 class=\"elementor-heading-title elementor-size-default\">Publication Chair<\/h3>\t\t<\/div>\n\t\t\t\t<\/div>\n\t\t\t\t<div class=\"elementor-element elementor-element-7761e763 elementor-widget__width-inherit elementor-widget elementor-widget-text-editor\" data-id=\"7761e763\" data-element_type=\"widget\" data-widget_type=\"text-editor.default\">\n\t\t\t\t<div class=\"elementor-widget-container\">\n\t\t\t\t\t\t\t<p>Nithesh Naik, Manipal Institute of Technology, Manipal, India<\/p><p>Suneeta Satpathy, SOA Deemed to be University, Odisha, India<\/p>\t\t\t\t\t\t<\/div>\n\t\t\t\t<\/div>\n\t\t\t\t<\/div>\n\t\t<div class=\"has_eae_slider elementor-element elementor-element-78e5890f e-con-full e-flex e-con\" data-id=\"78e5890f\" data-element_type=\"container\" data-settings=\"{&quot;content_width&quot;:&quot;full&quot;}\">\n\t\t\t\t<div class=\"elementor-element elementor-element-12964701 elementor-widget__width-inherit elementor-widget elementor-widget-heading\" data-id=\"12964701\" data-element_type=\"widget\" data-widget_type=\"heading.default\">\n\t\t\t\t<div class=\"elementor-widget-container\">\n\t\t\t<h3 class=\"elementor-heading-title elementor-size-default\">Sponsorship and Exhibit Chair<\/h3>\t\t<\/div>\n\t\t\t\t<\/div>\n\t\t\t\t<div class=\"elementor-element elementor-element-2237a06e elementor-widget__width-inherit elementor-widget elementor-widget-text-editor\" data-id=\"2237a06e\" data-element_type=\"widget\" data-widget_type=\"text-editor.default\">\n\t\t\t\t<div class=\"elementor-widget-container\">\n\t\t\t\t\t\t\t<p>Deepa Jose, KCG College of Technology, Chennai, India<\/p><p>Priya Gupta, ABVSME, JNU New Delhi, India<\/p>\t\t\t\t\t\t<\/div>\n\t\t\t\t<\/div>\n\t\t\t\t<\/div>\n\t\t\t\t\t\t\t<\/div>\n\t\t","protected":false},"excerpt":{"rendered":"<p>Patron Prof. Pinakeswar Mahanta, Director, NIT Meghalaya, India Internal Advisory Board Prof. Diptendu Sinha Roy, Dean (R&amp;C), NIT Meghalaya, India Prof. Anup Dandapat, Dean (AA), NIT Meghalaya, India Prof. Deba Kumar Sarma, Dean (P&amp;D), NIT Meghalaya, India Prof. Saikat Mukherjee, Dean (FW), NIT Meghalaya, India Prof. Paonam Sudeep Mangang, Dean (SW), NIT Meghalaya, India Prof. [&hellip;]<\/p>\n","protected":false},"author":1,"featured_media":0,"parent":0,"menu_order":0,"comment_status":"closed","ping_status":"closed","template":"","meta":[],"_links":{"self":[{"href":"https:\/\/sites.nitm.ac.in\/icisml2025\/wp-json\/wp\/v2\/pages\/644"}],"collection":[{"href":"https:\/\/sites.nitm.ac.in\/icisml2025\/wp-json\/wp\/v2\/pages"}],"about":[{"href":"https:\/\/sites.nitm.ac.in\/icisml2025\/wp-json\/wp\/v2\/types\/page"}],"author":[{"embeddable":true,"href":"https:\/\/sites.nitm.ac.in\/icisml2025\/wp-json\/wp\/v2\/users\/1"}],"replies":[{"embeddable":true,"href":"https:\/\/sites.nitm.ac.in\/icisml2025\/wp-json\/wp\/v2\/comments?post=644"}],"version-history":[{"count":87,"href":"https:\/\/sites.nitm.ac.in\/icisml2025\/wp-json\/wp\/v2\/pages\/644\/revisions"}],"predecessor-version":[{"id":847,"href":"https:\/\/sites.nitm.ac.in\/icisml2025\/wp-json\/wp\/v2\/pages\/644\/revisions\/847"}],"wp:attachment":[{"href":"https:\/\/sites.nitm.ac.in\/icisml2025\/wp-json\/wp\/v2\/media?parent=644"}],"curies":[{"name":"wp","href":"https:\/\/api.w.org\/{rel}","templated":true}]}}